{"id":208,"date":"2017-12-13T09:05:49","date_gmt":"2017-12-13T07:05:49","guid":{"rendered":"http:\/\/profiawp.barn.ee\/fi\/?page_id=208"},"modified":"2017-12-13T09:05:49","modified_gmt":"2017-12-13T07:05:49","slug":"yrityksen-perustaminen-viroon","status":"publish","type":"page","link":"https:\/\/www.profia.ee\/fi\/palvelut\/yrityksen-perustaminen-viroon\/","title":{"rendered":"Yrityksen perustaminen Viroon"},"content":{"rendered":"<div class=\"x-main left\" role=\"main\">\n<article id=\"post-6\" class=\"post-6 page type-page status-publish hentry no-post-thumbnail\">\n<div class=\"entry-wrap\">\n<div class=\"entry-content content\">\n<p>Tarjoamme suomalaisyritt\u00e4jille kokonaispalveluna yrityksen perustamisen Viroon sujuvasti ja vaivatta suomen kielell\u00e4. Hoidamme puolestanne kaikki yrityksen perustamiseen, rekister\u00f6intiin ja lopettamiseen liittyv\u00e4t toimenpiteet.<\/p>\n<p>Hoidamme puolestanne byrokratian, paperity\u00f6t, notaariasioinnin ja verot. Tarjoamme my\u00f6s osoite- ja kirjanpitopalvelut, joiden avulla p\u00e4\u00e4sette aloittamaan liiketoiminnan heti.<\/p>\n<p>Soita ja kysy lis\u00e4\u00e4: puhelin 040 521 7744 (ulkomailta +358 40 521 7744), arkisin klo 09-21.<\/p>\n<p>Tai s\u00e4hk\u00f6postitse\u00a0<span id=\"cloak73352\"><a href=\"mailto:info@profia.ee\">info@profia.ee<\/a><\/span>.<\/p>\n<h2>Yritys Viroon \u2013 nopeasti ja vaivatta<\/h2>\n<p>Tarjoamme kokonaispalveluna:<\/p>\n<ul>\n<li>Yhti\u00f6j\u00e4rjestyksen laatiminen<\/li>\n<li>Yrityksen rekister\u00f6inti ja asiointi notaarissa<\/li>\n<li>Asiointiapu verovirastossa ja muissa viranomaisissa sek\u00e4 pankissa<\/li>\n<li>Osoitepalvelu<\/li>\n<li>Kirjanpidon kokonaispalvelu<\/li>\n<\/ul>\n<\/div>\n<\/div>\n<\/article>\n<\/div>\n<aside class=\"x-sidebar right\" role=\"complementary\">\n<div id=\"text-2\" class=\"widget widget_text\"><\/div>\n<\/aside>\n","protected":false},"excerpt":{"rendered":"<p>Tarjoamme suomalaisyritt\u00e4jille kokonaispalveluna yrityksen perustamisen Viroon sujuvasti ja vaivatta suomen kielell\u00e4. Hoidamme puolestanne kaikki yrityksen perustamiseen, rekister\u00f6intiin ja lopettamiseen liittyv\u00e4t toimenpiteet. Hoidamme puolestanne byrokratian, paperity\u00f6t, notaariasioinnin ja verot. Tarjoamme my\u00f6s osoite- ja kirjanpitopalvelut, joiden avulla p\u00e4\u00e4sette aloittamaan liiketoiminnan heti. Soita ja kysy lis\u00e4\u00e4: puhelin 040 521 7744 (ulkomailta +358 40 521 7744), arkisin klo 09-21. [&hellip;]<\/p>\n","protected":false},"author":1,"featured_media":0,"parent":49,"menu_order":0,"comment_status":"closed","ping_status":"closed","template":"","meta":[],"acf":[],"_links":{"self":[{"href":"https:\/\/www.profia.ee\/fi\/wp-json\/wp\/v2\/pages\/208"}],"collection":[{"href":"https:\/\/www.profia.ee\/fi\/wp-json\/wp\/v2\/pages"}],"about":[{"href":"https:\/\/www.profia.ee\/fi\/wp-json\/wp\/v2\/types\/page"}],"author":[{"embeddable":true,"href":"https:\/\/www.profia.ee\/fi\/wp-json\/wp\/v2\/users\/1"}],"replies":[{"embeddable":true,"href":"https:\/\/www.profia.ee\/fi\/wp-json\/wp\/v2\/comments?post=208"}],"version-history":[{"count":1,"href":"https:\/\/www.profia.ee\/fi\/wp-json\/wp\/v2\/pages\/208\/revisions"}],"predecessor-version":[{"id":209,"href":"https:\/\/www.profia.ee\/fi\/wp-json\/wp\/v2\/pages\/208\/revisions\/209"}],"up":[{"embeddable":true,"href":"https:\/\/www.profia.ee\/fi\/wp-json\/wp\/v2\/pages\/49"}],"wp:attachment":[{"href":"https:\/\/www.profia.ee\/fi\/wp-json\/wp\/v2\/media?parent=208"}],"curies":[{"name":"wp","href":"https:\/\/api.w.org\/{rel}","templated":true}]}}