{"id":34,"date":"2017-12-04T08:13:29","date_gmt":"2017-12-04T08:13:29","guid":{"rendered":"http:\/\/barn.ee\/profia_wordpress\/?page_id=34&#038;lang=fi"},"modified":"2020-07-19T18:46:32","modified_gmt":"2020-07-19T16:46:32","slug":"yhteydet","status":"publish","type":"page","link":"https:\/\/www.profia.ee\/fi\/yhteydet\/","title":{"rendered":"Yhteydet"},"content":{"rendered":"<table>\n<tbody>\n<tr>\n<td width=\"50%\">\n<h2>Profia Arvestuse O\u00dc<\/h2>\n<p>Postiosoite: P\u00e4rnu mnt 10, 10148 Tallinna, Estonia (asiakkaiden vastaanotto vain sop.muk.)<\/p>\n<p><strong>Myynti suomalaisasiakkaille: puhelin 040 521 7744 (+358 40 521 7744)<\/strong><\/p>\n<p>puhelinnumero sopimusasiakkaille: +372 508 2153<br \/>\ns\u00e4hk\u00f6posti:\u00a0<span id=\"cloak7855\"><\/span><a href=\"mailto:info@profia.ee\">info@profia.ee<\/a>, henkil\u00f6kunnan osoitteet\u00a0<span id=\"cloak59948\"><a href=\"mailto:etunimi.sukunimi@profia.ee\">etunimi.sukunimi@profia.ee<\/a><\/span><\/p>\n<p><strong>Yhteyshenkil\u00f6t<\/strong><\/p>\n<p>Myynti, hallituksen j\u00e4sen: Simo S. Heinmaa<br \/>\nP\u00e4\u00e4kirjanpit\u00e4j\u00e4, KTM: Helen Heinmaa<br \/>\n<strong>Rekisteritunnus Viron kaupparekisteriss\u00e4:<\/strong>\u00a012139016<br \/>\nArvonlis\u00e4verotunnus: EE101554196<\/p>\n<p><strong>Pankkiyhteydet<\/strong><br \/>\nTilinumero Viron sis\u00e4isess\u00e4 maksuliikenteess\u00e4: 221052945219<\/p>\n<p>Swedbank AS<br \/>\nIBAN:\u00a0EE192200221052945219<br \/>\nSWIFT: HABAEE2X<\/td>\n<td>\n<h2><strong>PYS\u00c4K\u00d6INTIALUEET TOIMISTON L\u00c4HELL\u00c4<\/strong><\/h2>\n<p>Jos tulet autolla, suosittelemme k\u00e4ytt\u00e4m\u00e4\u00e4n Vapauden aukion (Vabaduse V\u00e4ljak) maanalaista pys\u00e4k\u00f6intialuetta.<\/p>\n<p>Lis\u00e4tietoja pys\u00e4k\u00f6intihintoihin liittyen l\u00f6yd\u00e4t pys\u00e4k\u00f6inti\u00e4 tarjoavan \u00dchisteenused:n kotisivuilta: :\u00a0<a href=\"http:\/\/www.parkimine.ee\/en\/find-parking-place\/tallinn\/freedom-square-parking-house\">http:\/\/www.parkimine.ee\/en\/find-parking-place\/tallinn\/freedom-square-parking-house<\/a><\/p>\n<p>Virukeskuksen parkkihalli: Viru v\u00e4ljak 4\/6, Tallinn, Auki 24h\/7, 500m toimistolle<\/p>\n<p><a href=\"http:\/\/www.parkimine.ee\/Parkimisinfo\/tallinn\/parkimismajad#viru-keskuse-parkimismaja=373\">http:\/\/www.parkimine.ee\/Parkimisinfo\/tallinn\/parkimismajad#viru-keskuse-parkimismaja=373<\/a><\/p>\n<p>Solariksen parkkihalli: Estonia pst 9. Huomio! p\u00e4\u00e4sy parkintataloon Sakala kadulta! E-P 24h \/ Auki ymp\u00e4ri vuorokauden, 350 m toimistolle\u00a0<a href=\"http:\/\/www.europark.ee\/\">http:\/\/www.europark.ee\/<\/a><\/p>\n<p>TATARI 6A \u2013 ulkoparkki: Tatari 6a, Tallinn; 500 m toimistolle\u00a0<a href=\"http:\/\/www.europark.ee\/\">http:\/\/www.europark.ee\/<\/a><\/p>\n<p>P\u00c4RNU MNT 31 \u2013 ulkoparkki: P\u00e4rnu mnt 31; 700m toimistolle\u00a0<a href=\"http:\/\/www.europark.ee\/\">http:\/\/www.europark.ee\/<\/a><\/p>\n<p>LEMBITU 4- Europark -ulkoparkki: Lembitu 4; 550m toimistolle\u00a0<a href=\"http:\/\/www.europark.ee\/\">http:\/\/www.europark.ee\/<\/a><\/td>\n<\/tr>\n<\/tbody>\n<\/table>\n<p><img loading=\"lazy\" class=\"alignnone size-full wp-image-105\" src=\"\/\/profiawp.barn.ee\/wp-content\/uploads\/2017\/12\/AAA-1.png\" alt=\"\" width=\"127\" height=\"88\" \/><\/p>\n","protected":false},"excerpt":{"rendered":"<p>Profia Arvestuse O\u00dc Postiosoite: P\u00e4rnu mnt 10, 10148 Tallinna, Estonia (asiakkaiden vastaanotto vain sop.muk.) Myynti suomalaisasiakkaille: puhelin 040 521 7744 (+358 40 521 7744) puhelinnumero sopimusasiakkaille: +372 508 2153 s\u00e4hk\u00f6posti:\u00a0info@profia.ee, henkil\u00f6kunnan osoitteet\u00a0etunimi.sukunimi@profia.ee Yhteyshenkil\u00f6t Myynti, hallituksen j\u00e4sen: Simo S. Heinmaa P\u00e4\u00e4kirjanpit\u00e4j\u00e4, KTM: Helen Heinmaa Rekisteritunnus Viron kaupparekisteriss\u00e4:\u00a012139016 Arvonlis\u00e4verotunnus: EE101554196 Pankkiyhteydet Tilinumero Viron sis\u00e4isess\u00e4 maksuliikenteess\u00e4: 221052945219 Swedbank [&hellip;]<\/p>\n","protected":false},"author":1,"featured_media":0,"parent":0,"menu_order":0,"comment_status":"closed","ping_status":"closed","template":"","meta":[],"acf":[],"_links":{"self":[{"href":"https:\/\/www.profia.ee\/fi\/wp-json\/wp\/v2\/pages\/34"}],"collection":[{"href":"https:\/\/www.profia.ee\/fi\/wp-json\/wp\/v2\/pages"}],"about":[{"href":"https:\/\/www.profia.ee\/fi\/wp-json\/wp\/v2\/types\/page"}],"author":[{"embeddable":true,"href":"https:\/\/www.profia.ee\/fi\/wp-json\/wp\/v2\/users\/1"}],"replies":[{"embeddable":true,"href":"https:\/\/www.profia.ee\/fi\/wp-json\/wp\/v2\/comments?post=34"}],"version-history":[{"count":5,"href":"https:\/\/www.profia.ee\/fi\/wp-json\/wp\/v2\/pages\/34\/revisions"}],"predecessor-version":[{"id":411,"href":"https:\/\/www.profia.ee\/fi\/wp-json\/wp\/v2\/pages\/34\/revisions\/411"}],"wp:attachment":[{"href":"https:\/\/www.profia.ee\/fi\/wp-json\/wp\/v2\/media?parent=34"}],"curies":[{"name":"wp","href":"https:\/\/api.w.org\/{rel}","templated":true}]}}